{"id":8725,"date":"2017-12-01T06:08:42","date_gmt":"2017-12-01T06:08:42","guid":{"rendered":"http:\/\/cesis.co\/?page_id=8725"},"modified":"2024-09-18T16:21:35","modified_gmt":"2024-09-18T13:21:35","slug":"home","status":"publish","type":"page","link":"https:\/\/merun.club\/?lang=en","title":{"rendered":"Home"},"content":{"rendered":"<div class=\"wpb-content-wrapper\"><p>[vc_row css=&#8221;.vc_custom_1546737376793{padding-top: 0px !important;}&#8221;][vc_column css=&#8221;.vc_custom_1546737338434{margin-top: 0px !important;border-top-width: 0px !important;padding-top: 0px !important;}&#8221;][rev_slider_vc alias=&#8221;MeRun&#8221;][\/vc_column][\/vc_row][vc_row css=&#8221;.vc_custom_1547927328041{padding-top: 60px !important;padding-bottom: 40px !important;}&#8221;][vc_column width=&#8221;1\/2&#8243;][vc_custom_heading text=&#8221;TEENUSED&#8221; font_container=&#8221;tag:h1|text_align:left|line_height:1.2em&#8221; use_theme_fonts=&#8221;yes&#8221; el_id=&#8221;services&#8221;][cesis_line_divider pos=&#8221;cesis_line_d_left&#8221; width=&#8221;170&#8243; color=&#8221;#000000&#8243; margin_bottom=&#8221;40&#8243;][vc_column_text]<\/p>\n<dl>\n<dt><strong>Kaugjuhtimise teenus<\/strong><\/dt>\n<dd>&#8211; personaalse igan\u00e4dalase jooksuplaani\/fitnesplaani koostamine ning treeneri tagasiside treeningute kohta<\/dd>\n<\/dl>\n<p>[\/vc_column_text][vc_column_text]<\/p>\n<dl>\n<dt><strong>Individuaalne teenus<\/strong><\/dt>\n<dd>&#8211; treening treeneri juuresolekul (n\u00f5uanded, abi)<br \/>\n&#8211; \u00dcKE (\u00fcldkehaline) treening<br \/>\n&#8211; tervendav massaa\u017e<\/dd>\n<\/dl>\n<p>[\/vc_column_text][cesis_button button_text=&#8221;Vaata hinnakirja&#8221; link=&#8221;https:\/\/merun.club\/#pricelist&#8221; button_size=&#8221;cesis_button_medium&#8221; margin_bottom=&#8221;40&#8243; button_text_color=&#8221;#ffffff&#8221; button_bg_color=&#8221;#ff7062&#8243; button_border_color=&#8221;#ff7062&#8243; h_button_text_color=&#8221;#ffffff&#8221; h_button_bg_color=&#8221;rgba(255,112,98,0.9)&#8221; h_button_border_color=&#8221;rgba(255,112,98,0.9)&#8221; button_f_size=&#8221;18&#8243; button_f_weight=&#8221;400&#8243;][\/vc_column][vc_column width=&#8221;1\/2&#8243;][vc_single_image image=&#8221;11374&#8243; img_size=&#8221;full&#8221;][\/vc_column][\/vc_row][vc_row][vc_column][vc_custom_heading text=&#8221;HINNAKIRI&#8221; font_container=&#8221;tag:h1|text_align:left|line_height:1.2em&#8221; use_theme_fonts=&#8221;yes&#8221; el_id=&#8221;pricelist&#8221;][cesis_line_divider pos=&#8221;cesis_line_d_left&#8221; width=&#8221;170&#8243; color=&#8221;#000000&#8243;][\/vc_column][\/vc_row][vc_row gap=&#8221;30&#8243; css=&#8221;.vc_custom_1546630608298{padding-bottom: 40px !important;}&#8221;][vc_column width=&#8221;1\/4&#8243; css=&#8221;.vc_custom_1546632214050{padding-top: 15px !important;}&#8221;][vc_custom_heading text=&#8221;Treeningplaanid&#8221; font_container=&#8221;tag:h3|text_align:left|color:%23ff7062|line_height:1.2em&#8221; text_resize=&#8221;yes&#8221; text_minimum=&#8221;24&#8243; use_theme_fonts=&#8221;yes&#8221;][vc_column_text]Aitavad treenida iseseisvalt individuaalse plaani j\u00e4rgi. Treeningplaanid viivad eesm\u00e4rkideni r\u00f5\u00f5muga ja ilma vigastusteta.[\/vc_column_text][\/vc_column][vc_column width=&#8221;3\/4&#8243;][vc_column_text]<\/p>\n<table>\n<tbody>\n<tr>\n<td width=\"82%\">\n<h4>Individuaalne \u00fche kuu jooksuplaan<\/h4>\n<ol>\n<li><strong>K\u00fcsitlemine.<\/strong> M\u00e4\u00e4rame treenituse astme ning treeningu taseme.<\/li>\n<li><strong>Treeninguplaan.<\/strong> Teeme individuaalse plaani (n\u00e4dalane ts\u00fckkel). Vajadusel kohandame plaani iga p\u00e4ev.<\/li>\n<li><strong>Tagasiside.<\/strong> Suhtleme piiranguteta posti, telefoni v\u00f5i Skype\u2019i vahendusel.<\/li>\n<\/ol>\n<\/td>\n<td width=\"18%\"><strong>90<\/strong> \u20ac<\/td>\n<\/tr>\n<tr>\n<td width=\"82%\">\n<h4>Individuaalne \u00fche kuu jooksuplaan \u201cPluss\u201d<\/h4>\n<ol>\n<li><strong>K\u00fcsitlemine.<\/strong> M\u00e4\u00e4rame treenituse astme ning treeningu taseme.<\/li>\n<li><strong>Treeninguplaan.<\/strong> Teeme individuaalse plaani (n\u00e4dalane ts\u00fckkel). Vajadusel kohandame plaani iga p\u00e4ev.<\/li>\n<li><strong>\u00dchistreening (kuni 4 inimest gruppis).<\/strong> 1 kord n\u00e4dalas (Tallinn)<\/li>\n<li><strong>Tagasiside.<\/strong> Suhtleme piiranguteta posti, telefoni v\u00f5i Skype\u2019i vahendusel.<\/li>\n<\/ol>\n<\/td>\n<td width=\"18%\"><strong>150<\/strong> \u20ac<\/td>\n<\/tr>\n<tr>\n<td>\n<h4>Individuaalne \u00fche kuu fitnessplaan<\/h4>\n<ol>\n<li><strong>K\u00fcsitlemine.<\/strong> M\u00e4\u00e4rame treenituse astme ning treeningu taseme.<\/li>\n<li><strong>Treeninguplaan.<\/strong> Teeme individuaalse plaani (n\u00e4dalane ts\u00fckkel). Vajadusel kohandame plaani iga p\u00e4ev.<\/li>\n<li><strong>Tagasiside.<\/strong> Suhtleme piiranguteta posti, telefoni v\u00f5i Skype\u2019i vahendusel.<\/li>\n<\/ol>\n<\/td>\n<td><strong>90<\/strong> \u20ac<\/td>\n<\/tr>\n<\/tbody>\n<\/table>\n<p class=\"small\">Hind sisaldab k\u00e4ibemaks<\/p>\n<p>[\/vc_column_text][cesis_button button_text=&#8221;Telli treeningplaan&#8221; link=&#8221;https:\/\/merun.club\/#kontakt&#8221; button_size=&#8221;cesis_button_medium&#8221; button_text_color=&#8221;#ffffff&#8221; button_bg_color=&#8221;#ff7062&#8243; button_border_color=&#8221;#ff7062&#8243; h_button_text_color=&#8221;#ffffff&#8221; h_button_bg_color=&#8221;rgba(255,112,98,0.9)&#8221; h_button_border_color=&#8221;rgba(255,112,98,0.9)&#8221; button_f_size=&#8221;18&#8243; button_f_weight=&#8221;400&#8243;][\/vc_column][\/vc_row][vc_row gap=&#8221;30&#8243; css=&#8221;.vc_custom_1546630614078{padding-bottom: 40px !important;}&#8221;][vc_column width=&#8221;1\/4&#8243; css=&#8221;.vc_custom_1546632272559{padding-top: 12px !important;}&#8221;][vc_custom_heading text=&#8221;\u00dcKE (\u00fcld kehaline treening)&#8221; font_container=&#8221;tag:h3|text_align:left|color:%23ff7062|line_height:1.2em&#8221; text_resize=&#8221;yes&#8221; text_minimum=&#8221;24&#8243; use_theme_fonts=&#8221;yes&#8221;][vc_column_text]Harjutused \u00fcldise tervisliku seisundi jaoks v\u00f5i \u00fcldise f\u00fc\u00fcsilise baasi loomiseks valitud spordialal.[\/vc_column_text][\/vc_column][vc_column width=&#8221;3\/4&#8243;][vc_column_text]<\/p>\n<table>\n<tbody>\n<tr>\n<td width=\"46%\"><strong>\u00a0<\/strong><\/td>\n<td width=\"18%\">1x k\u00fclastus<\/td>\n<td width=\"18%\">4x pakett <span class=\"red\">*<\/span><\/td>\n<td width=\"18%\">8x pakett <span class=\"red\">**<\/span><\/td>\n<\/tr>\n<tr>\n<td>Individuaalne 60 min<\/td>\n<td><strong>36<\/strong> \u20ac<\/td>\n<td><strong>136<\/strong> \u20ac<\/td>\n<td><strong>240<\/strong> \u20ac<\/td>\n<\/tr>\n<tr>\n<td>Grupp kuni 4 inimest, 60 min<\/td>\n<td><strong>18<\/strong> \u20ac\/inimene<\/td>\n<td>&#8211;<\/td>\n<td>&#8211;<\/td>\n<\/tr>\n<\/tbody>\n<\/table>\n<p class=\"small\"><span class=\"red\">*<\/span> 4x paketid <strong>kehtivad 1 kuu<\/strong> \u00a0\u00a0\/\u00a0\u00a0 <span class=\"red\">**<\/span> 8x paketid <strong>kehtivad 2 kuud<\/strong><\/p>\n<p class=\"small\">Hind sisaldab k\u00e4ibemaks<\/p>\n<p>[\/vc_column_text][cesis_button button_text=&#8221;V\u00f5tke \u00fchendust&#8221; link=&#8221;https:\/\/merun.club\/#kontakt&#8221; button_size=&#8221;cesis_button_medium&#8221; button_text_color=&#8221;#ffffff&#8221; button_bg_color=&#8221;#ff7062&#8243; button_border_color=&#8221;#ff7062&#8243; h_button_text_color=&#8221;#ffffff&#8221; h_button_bg_color=&#8221;rgba(255,112,98,0.9)&#8221; h_button_border_color=&#8221;rgba(255,112,98,0.9)&#8221; button_f_size=&#8221;18&#8243; button_f_weight=&#8221;400&#8243;][\/vc_column][\/vc_row][vc_row gap=&#8221;30&#8243; css=&#8221;.vc_custom_1546630560633{padding-bottom: 80px !important;}&#8221;][vc_column width=&#8221;1\/4&#8243; css=&#8221;.vc_custom_1546632007940{padding-top: 13px !important;padding-bottom: 20px !important;}&#8221;][vc_custom_heading text=&#8221;Massaa\u017e&#8221; font_container=&#8221;tag:h3|text_align:left|color:%23ff7062|line_height:1.2em&#8221; text_resize=&#8221;yes&#8221; text_minimum=&#8221;24&#8243; use_theme_fonts=&#8221;yes&#8221;][vc_column_text]Parim viis l\u00f5\u00f5gastumiseks v\u00f5i lihastele toonuse andmiseks. Selle juures arvestades teie elustiili ja f\u00fc\u00fcsilist seisundit.[\/vc_column_text][\/vc_column][vc_column width=&#8221;3\/4&#8243;][vc_column_text]<\/p>\n<table>\n<tbody>\n<tr>\n<td width=\"46%\"><strong>Tervendav massaa\u017e<\/strong><\/td>\n<td width=\"18%\">1x k\u00fclastus<\/td>\n<td width=\"18%\">5x pakett <span class=\"red\">*<\/span><\/td>\n<td width=\"18%\">10x pakett <span class=\"red\">**<\/span><\/td>\n<\/tr>\n<tr>\n<td>Lokaalne 30 min<\/td>\n<td><strong>20<\/strong> \u20ac<\/td>\n<td><strong>90<\/strong> \u20ac<\/td>\n<td><strong>160<\/strong> \u20ac<\/td>\n<\/tr>\n<tr>\n<td>60 min<\/td>\n<td><strong>30<\/strong>\u00a0\u20ac<\/td>\n<td><strong>135<\/strong> \u20ac<\/td>\n<td><strong>250<\/strong> \u20ac<\/td>\n<\/tr>\n<tr>\n<td>90 min<\/td>\n<td><strong>40<\/strong> \u20ac<\/td>\n<td><strong>180<\/strong> \u20ac<\/td>\n<td><strong>350<\/strong> \u20ac<\/td>\n<\/tr>\n<\/tbody>\n<\/table>\n<p>[\/vc_column_text][vc_column_text]<\/p>\n<table>\n<tbody>\n<tr>\n<td width=\"46%\"><strong>Spordimassaa\u017e<\/strong><\/td>\n<td width=\"18%\">1x k\u00fclastus<\/td>\n<td width=\"18%\">5x pakett <span class=\"red\">*<\/span><\/td>\n<td width=\"18%\">10x pakett <span class=\"red\">**<\/span><\/td>\n<\/tr>\n<tr>\n<td>Lokaalne 30 min<\/td>\n<td><strong>22<\/strong> \u20ac<\/td>\n<td><strong>100<\/strong> \u20ac<\/td>\n<td><strong>180<\/strong> \u20ac<\/td>\n<\/tr>\n<tr>\n<td>60 min<\/td>\n<td><strong>35<\/strong> \u20ac<\/td>\n<td><strong>160<\/strong> \u20ac<\/td>\n<td><strong>330<\/strong> \u20ac<\/td>\n<\/tr>\n<tr>\n<td>90 min<\/td>\n<td><strong>48<\/strong> \u20ac<\/td>\n<td><strong>225<\/strong> \u20ac<\/td>\n<td><strong>420<\/strong> \u20ac<\/td>\n<\/tr>\n<\/tbody>\n<\/table>\n<p class=\"small\"><span class=\"red\">*<\/span> 5x paketid <strong>kehtivad 3 kuud<\/strong> \u00a0\u00a0\/\u00a0\u00a0 <span class=\"red\">**<\/span> 10x paketid <strong>kehtivad 6 kuud<\/strong><\/p>\n<p>[\/vc_column_text][cesis_button button_text=&#8221;V\u00f5tke \u00fchendust&#8221; link=&#8221;https:\/\/merun.club\/#kontakt&#8221; button_size=&#8221;cesis_button_medium&#8221; margin_bottom=&#8221;20&#8243; margin_right=&#8221;20&#8243; button_text_color=&#8221;#ffffff&#8221; button_bg_color=&#8221;#ff7062&#8243; button_border_color=&#8221;#ff7062&#8243; h_button_text_color=&#8221;#ffffff&#8221; h_button_bg_color=&#8221;rgba(255,112,98,0.9)&#8221; h_button_border_color=&#8221;rgba(255,112,98,0.9)&#8221; button_f_size=&#8221;18&#8243; button_f_weight=&#8221;400&#8243;][\/vc_column][\/vc_row][vc_row full_width=&#8221;stretch_row&#8221; css=&#8221;.vc_custom_1507048234551{padding-top: 80px !important;padding-bottom: 60px !important;background-color: #ffffff !important;}&#8221;][vc_column css=&#8221;.vc_custom_1507015267726{padding-bottom: 0px !important;}&#8221;][vc_custom_heading text=&#8221;KONTAKTID&#8221; font_container=&#8221;tag:h1|text_align:left|line_height:1.2em&#8221; text_resize=&#8221;yes&#8221; text_minimum=&#8221;24&#8243; letter_spacing=&#8221;&#8221; use_theme_fonts=&#8221;yes&#8221; css=&#8221;.vc_custom_1548535740096{margin-bottom: 24px !important;}&#8221; el_id=&#8221;kontakt&#8221;][cesis_line_divider pos=&#8221;cesis_line_d_left&#8221; width=&#8221;170&#8243; color=&#8221;#000000&#8243; margin_bottom=&#8221;22&#8243;][vc_row_inner css=&#8221;.vc_custom_1546877964812{padding-top: 20px !important;}&#8221;][vc_column_inner width=&#8221;1\/3&#8243;][vc_column_text]<strong class=\"small\">Merun O\u00fc<br \/>\nRegistrikood: <\/strong>14625608<strong class=\"small\"><br \/>\nAadress: <\/strong>Kotka 16-11, Tallinn, Eesti 11315[\/vc_column_text][\/vc_column_inner][vc_column_inner width=&#8221;1\/3&#8243;][vc_column_text]<strong class=\"small\">Mobile<\/strong><br \/>\n+372 5569 3149 (eesti, vene, inglise)<br \/>\n+372 553 5824 (vene, inglise)[\/vc_column_text][\/vc_column_inner][vc_column_inner width=&#8221;1\/3&#8243;][vc_column_text]<strong class=\"small\">Email<\/strong><br \/>\n<a href=\"mailto:me.run.club@gmail.com\">me.run.club@gmail.com<\/a>[\/vc_column_text][\/vc_column_inner][\/vc_row_inner][\/vc_column][\/vc_row]<\/p>\n<\/div>","protected":false},"excerpt":{"rendered":"<p>[vc_row css=&#8221;.vc_custom_1546737376793{padding-top: 0px !important;}&#8221;][vc_column css=&#8221;.vc_custom_1546737338434{margin-top: 0px !important;border-top-width: 0px !important;padding-top: 0px !important;}&#8221;][rev_slider_vc alias=&#8221;MeRun&#8221;][\/vc_column][\/vc_row][vc_row css=&#8221;.vc_custom_1547927328041{padding-top: 60px !important;padding-bottom: 40px !important;}&#8221;][vc_column width=&#8221;1\/2&#8243;][vc_custom_heading text=&#8221;TEENUSED&#8221; font_container=&#8221;tag:h1|text_align:left|line_height:1.2em&#8221; use_theme_fonts=&#8221;yes&#8221; el_id=&#8221;services&#8221;][cesis_line_divider pos=&#8221;cesis_line_d_left&#8221; width=&#8221;170&#8243; color=&#8221;#000000&#8243; margin_bottom=&#8221;40&#8243;][vc_column_text] Kaugjuhtimise teenus &#8211; personaalse igan\u00e4dalase jooksuplaani\/fitnesplaani koostamine ning treeneri tagasiside treeningute kohta [\/vc_column_text][vc_column_text] Individuaalne teenus &#8211; treening treeneri juuresolekul (n\u00f5uanded, abi) &#8211; \u00dcKE (\u00fcldkehaline) treening &#8211; tervendav massaa\u017e [\/vc_column_text][cesis_button [&hellip;]<\/p>\n","protected":false},"author":1,"featured_media":0,"parent":0,"menu_order":1,"comment_status":"closed","ping_status":"closed","template":"","meta":{"footnotes":""},"class_list":["post-8725","page","type-page","status-publish","hentry"],"_links":{"self":[{"href":"https:\/\/merun.club\/index.php\/wp-json\/wp\/v2\/pages\/8725","targetHints":{"allow":["GET"]}}],"collection":[{"href":"https:\/\/merun.club\/index.php\/wp-json\/wp\/v2\/pages"}],"about":[{"href":"https:\/\/merun.club\/index.php\/wp-json\/wp\/v2\/types\/page"}],"author":[{"embeddable":true,"href":"https:\/\/merun.club\/index.php\/wp-json\/wp\/v2\/users\/1"}],"replies":[{"embeddable":true,"href":"https:\/\/merun.club\/index.php\/wp-json\/wp\/v2\/comments?post=8725"}],"version-history":[{"count":322,"href":"https:\/\/merun.club\/index.php\/wp-json\/wp\/v2\/pages\/8725\/revisions"}],"predecessor-version":[{"id":11507,"href":"https:\/\/merun.club\/index.php\/wp-json\/wp\/v2\/pages\/8725\/revisions\/11507"}],"wp:attachment":[{"href":"https:\/\/merun.club\/index.php\/wp-json\/wp\/v2\/media?parent=8725"}],"curies":[{"name":"wp","href":"https:\/\/api.w.org\/{rel}","templated":true}]}}